{"id":97,"date":"2019-04-04T19:41:23","date_gmt":"2019-04-04T19:41:23","guid":{"rendered":"http:\/\/tmp.utmarksressurs.no\/?page_id=97"},"modified":"2024-09-11T09:30:37","modified_gmt":"2024-09-11T08:30:37","slug":"about","status":"publish","type":"page","link":"https:\/\/www.utmarksressurs.no\/?page_id=97","title":{"rendered":"Tilsette"},"content":{"rendered":"\n<p>  <br><strong>OLE RUNAR AABREKK<\/strong><br>Dagleg leiar i Utmarksressurs. Har 3-\u00e5rig utdanning i utmarksforvaltning fr\u00e5 H\u00f8gskolen i Hedmark, avd. Evenstad. Har stor interesse for jakt og forvaltning. Ole Runar er oppvaksen i Oldedalen i Stryn kommune, men bur no i Stryn. Har vore sentral i \u00e5 etablere og bygge opp Utmarksressurs, med dei tenester vi tilbyr i dag. Sidan 2008 har Ole Runar jobba heiltid med firma. Forutan drift av firma er ansvarsomr\u00e5de viltforvaltning og sal av turskilt. <br><br><\/p>\n\n\n\n<p><\/p>\n\n\n\n<p><strong>CHRISTIAN BONVIK<\/strong><br>Er knytt til Utmarksressurs utan fast stilling. Har 3-\u00e5rig utdanning i utmarksforvaltning fr\u00e5 H\u00f8gskolen i Hedmark, avd. Evenstad. I tillegg til dette har han studert 1 \u00e5r med geografiske informasjonssystem (GIS) ved H\u00f8gskolen i Telemark, avd. B\u00f8. I forbindelse med studiane har han arbeidd i fleire prosjekter med kartlegging av vandringsruter, ern\u00e6ring, omr\u00e5debruk og matvanar hos blant annet elg og hjort. I tillegg til dette har han skrevet to prosjekter som omhandlar hjortens bevegelsar sommar og haust med bakgrunn i data fr\u00e5 GPS-merket hjort i Telemark. Christian har tidlegare jobba som sj\u00f8lvstendig n\u00e6ringsdrivande i firmaet Utmarksanalyse.<\/p>\n\n\n\n<p><br> <strong>HENNING COLBJ\u00d8RNSEN<\/strong><br>Er knytt til Utmarksressurs utan fast stilling. Av utdanning har Henning 1-\u00e5rig grunnfag samfunnspolitikk og offentleg forvaltning fr\u00e5 H\u00f8gskolen i Lillehammer. 3-\u00e5rig utmarksforvaltning, samt 1-\u00e5rig skogforvaltning fr\u00e5 H\u00f8gskolen i Hedmark, avd. Evenstad. Henning har lang erfaring med prosjekt og byggeledelse fr\u00e5 ulike anleggsprosjekt, b\u00e5de i og utanfor verneomr\u00e5de.<\/p>\n\n\n<div class=\"wp-block-image\">\n<figure class=\"aligncenter\"><img loading=\"lazy\" decoding=\"async\" width=\"1024\" height=\"576\" src=\"http:\/\/www.utmarksressurs.no\/wp-content\/uploads\/2019\/04\/Side-4-nede-1024x576.jpg\" alt=\"\" class=\"wp-image-335\" srcset=\"https:\/\/www.utmarksressurs.no\/wp-content\/uploads\/2019\/04\/Side-4-nede-1024x576.jpg 1024w, https:\/\/www.utmarksressurs.no\/wp-content\/uploads\/2019\/04\/Side-4-nede-300x169.jpg 300w, https:\/\/www.utmarksressurs.no\/wp-content\/uploads\/2019\/04\/Side-4-nede-768x432.jpg 768w, https:\/\/www.utmarksressurs.no\/wp-content\/uploads\/2019\/04\/Side-4-nede-640x360.jpg 640w, https:\/\/www.utmarksressurs.no\/wp-content\/uploads\/2019\/04\/Side-4-nede.jpg 1920w\" sizes=\"auto, (max-width: 1024px) 100vw, 1024px\" \/><\/figure>\n<\/div>","protected":false},"excerpt":{"rendered":"<p>OLE RUNAR AABREKKDagleg leiar i Utmarksressurs. Har 3-\u00e5rig utdanning i utmarksforvaltning fr\u00e5 H\u00f8gskolen i Hedmark, avd. Evenstad. Har stor interesse for jakt og forvaltning. Ole Runar er oppvaksen i Oldedalen i Stryn kommune, men bur no i Stryn. Har vore sentral i \u00e5 etablere&#8230;<\/p>\n","protected":false},"author":5,"featured_media":0,"parent":0,"menu_order":0,"comment_status":"closed","ping_status":"closed","template":"template-full.php","meta":{"footnotes":""},"class_list":["post-97","page","type-page","status-publish","hentry"],"_links":{"self":[{"href":"https:\/\/www.utmarksressurs.no\/index.php?rest_route=\/wp\/v2\/pages\/97","targetHints":{"allow":["GET"]}}],"collection":[{"href":"https:\/\/www.utmarksressurs.no\/index.php?rest_route=\/wp\/v2\/pages"}],"about":[{"href":"https:\/\/www.utmarksressurs.no\/index.php?rest_route=\/wp\/v2\/types\/page"}],"author":[{"embeddable":true,"href":"https:\/\/www.utmarksressurs.no\/index.php?rest_route=\/wp\/v2\/users\/5"}],"replies":[{"embeddable":true,"href":"https:\/\/www.utmarksressurs.no\/index.php?rest_route=%2Fwp%2Fv2%2Fcomments&post=97"}],"version-history":[{"count":6,"href":"https:\/\/www.utmarksressurs.no\/index.php?rest_route=\/wp\/v2\/pages\/97\/revisions"}],"predecessor-version":[{"id":927,"href":"https:\/\/www.utmarksressurs.no\/index.php?rest_route=\/wp\/v2\/pages\/97\/revisions\/927"}],"wp:attachment":[{"href":"https:\/\/www.utmarksressurs.no\/index.php?rest_route=%2Fwp%2Fv2%2Fmedia&parent=97"}],"curies":[{"name":"wp","href":"https:\/\/api.w.org\/{rel}","templated":true}]}}