{"id":94,"date":"2019-04-04T19:41:23","date_gmt":"2019-04-04T19:41:23","guid":{"rendered":"http:\/\/tmp.utmarksressurs.no\/?page_id=94"},"modified":"2024-09-11T09:08:37","modified_gmt":"2024-09-11T08:08:37","slug":"home","status":"publish","type":"page","link":"https:\/\/www.utmarksressurs.no\/","title":{"rendered":"Heim"},"content":{"rendered":"\n<p>Vi er Utmarksressurs AS.<\/p>\n\n\n\n<p><strong>OM OSS<\/strong><br><\/p>\n\n\n\n<p>Utmarksressurs AS er eit lite r\u00e5dgjevande firma som ble etablert i 2006, og som yter tjenester innen et bredt spekter innenfor forvaltning av utmark. Vi har v\u00e5rt hovudkontor i Stryn i Nordfjord. Vi opererer i hele Norge og har ogs\u00e5 gjort jobbar i Sverige.<\/p>\n\n\n\n<p>I all bruk av utmark skal ein ivareta ulike verdiar og hensyn. Vi er entusiastar som jobbar for \u00e5 ivareta natur og bruk av naturen.<\/p>\n\n\n\n<p><strong>V\u00c5RE TENESTER<\/strong><br><\/p>\n\n\n\n<p>Vi yter tenestar innan forvaltning av utmark. Viltforvaltning var lenge eit av v\u00e5re st\u00f8rste fagomr\u00e5de. Det er fortsatt viktig, men i tillegg har vi dei siste 14 \u00e5ra brukt stadig meir tid p\u00e5 sti og skilt prosjekt. Uansett prosjekt vi involverast i, ynskjer vi med v\u00e5r kompetanse \u00e5 bidra til \u00f8kt berekraft og verdiskaping for v\u00e5re kundar.<\/p>\n\n\n\n<p>Fokus p\u00e5 at ein sti ikkje n\u00f8dvendigvis toler \u00f8kt ferdsel blir stadig st\u00f8rre, og det synes vi er gledeleg. Vi kan bist\u00e5 i alle faser av et sti prosjekt, med solid erfaring med prosjekter fr\u00e5 fjord til h\u00f8gfjell.<\/p>\n\n\n\n<p>Vi formidlar turskilt og infotavler i samarbeid med Fluor-Lux AS. Skilt med en kvalitet som vi vet er av beste kvalitet og med lang levetid. Alle skilt er sj\u00f8lvsagt i henhold til skiltmanualen og vi er en av de anbefalte leverand\u00f8rane i merkeh\u00e5ndboka. Sj\u00e5 <a href=\"http:\/\/www.turskilt.no\" data-type=\"URL\" data-id=\"www.turskilt.no\">turskilt.no<\/a><\/p>\n\n\n\n<p><\/p>\n","protected":false},"excerpt":{"rendered":"<p>Vi er Utmarksressurs AS. OM OSS Utmarksressurs AS er eit lite r\u00e5dgjevande firma som ble etablert i 2006, og som yter tjenester innen et bredt spekter innenfor forvaltning av utmark. Vi har v\u00e5rt hovudkontor i Stryn i Nordfjord. Vi opererer i hele Norge og&#8230;<\/p>\n","protected":false},"author":5,"featured_media":0,"parent":0,"menu_order":0,"comment_status":"closed","ping_status":"closed","template":"","meta":{"footnotes":""},"class_list":["post-94","page","type-page","status-publish","hentry"],"_links":{"self":[{"href":"https:\/\/www.utmarksressurs.no\/index.php?rest_route=\/wp\/v2\/pages\/94","targetHints":{"allow":["GET"]}}],"collection":[{"href":"https:\/\/www.utmarksressurs.no\/index.php?rest_route=\/wp\/v2\/pages"}],"about":[{"href":"https:\/\/www.utmarksressurs.no\/index.php?rest_route=\/wp\/v2\/types\/page"}],"author":[{"embeddable":true,"href":"https:\/\/www.utmarksressurs.no\/index.php?rest_route=\/wp\/v2\/users\/5"}],"replies":[{"embeddable":true,"href":"https:\/\/www.utmarksressurs.no\/index.php?rest_route=%2Fwp%2Fv2%2Fcomments&post=94"}],"version-history":[{"count":13,"href":"https:\/\/www.utmarksressurs.no\/index.php?rest_route=\/wp\/v2\/pages\/94\/revisions"}],"predecessor-version":[{"id":873,"href":"https:\/\/www.utmarksressurs.no\/index.php?rest_route=\/wp\/v2\/pages\/94\/revisions\/873"}],"wp:attachment":[{"href":"https:\/\/www.utmarksressurs.no\/index.php?rest_route=%2Fwp%2Fv2%2Fmedia&parent=94"}],"curies":[{"name":"wp","href":"https:\/\/api.w.org\/{rel}","templated":true}]}}