{"id":776,"date":"2022-06-08T10:04:07","date_gmt":"2022-06-08T09:04:07","guid":{"rendered":"https:\/\/www.utmarksressurs.no\/?page_id=776"},"modified":"2024-09-11T09:11:38","modified_gmt":"2024-09-11T08:11:38","slug":"aldersbestemming-av-hjortevilt","status":"publish","type":"page","link":"https:\/\/www.utmarksressurs.no\/?page_id=776","title":{"rendered":"Aldersbestemming av hjortevilt"},"content":{"rendered":"\n<p><strong>Metode.<\/strong><br>Vi brukar tannsnitting som metode for fastsetting av alder. Dette er ein enkel metode, som er noko tidkrevjande men med erfaring sv\u00e6rt n\u00f8yaktig. Framtennene i underkjeven trekkast ut heile. Det er rota som blir nytta, s\u00e5 det er viktig at tanna er heil. <\/p>\n\n\n\n<figure class=\"wp-block-image size-full\"><img loading=\"lazy\" decoding=\"async\" width=\"247\" height=\"339\" src=\"https:\/\/www.utmarksressurs.no\/wp-content\/uploads\/2022\/06\/image-1.png\" alt=\"\" class=\"wp-image-731\" srcset=\"https:\/\/www.utmarksressurs.no\/wp-content\/uploads\/2022\/06\/image-1.png 247w, https:\/\/www.utmarksressurs.no\/wp-content\/uploads\/2022\/06\/image-1-219x300.png 219w\" sizes=\"auto, (max-width: 247px) 100vw, 247px\" \/><\/figure>\n\n\n\n<ul class=\"wp-block-list\">\n<li>Rotenden av tanna blir kappa fr\u00e5.<\/li>\n\n\n\n<li>Rota leggast i reagensr\u00f8r.<\/li>\n\n\n\n<li>Den leggast s\u00e5 i syre for \u00e5 trekke ut kalk.<\/li>\n\n\n\n<li>S\u00e5 lager vi tynne snitt i lengderetning.<\/li>\n\n\n\n<li>Snitta blir lagt tilbake i reagensr\u00f8r for farging.<\/li>\n\n\n\n<li>Etter farging blir dei montert mellom objektglas.<\/li>\n<\/ul>\n\n\n\n<p>Alderen kan no lesast av under mikroskop, som \u00e5rringar i eit tre. Resultatet blir lagt inn i tabellar som viser alder til kvart enkelt individ.<\/p>\n\n\n\n<p>De kan f\u00f8le dykk trygge p\u00e5 at vi har den rette bakgrunn og kompetanse som skal til.<\/p>\n\n\n\n<p><strong>Presentasjon av resultat.<\/strong><\/p>\n\n\n\n<p>Vi kan presentere resultatet slik kunden ynskjer det. Har ikkje kunden nokon spesielle ynskjer blir det presentert i en enkel excel-tabell. <\/p>\n\n\n\n<p>Som nemnd leverar vi det slik kunden ynskjer, skulle det v\u00e6re ynskjeleg med ein meir utfyllande rapport gjer vi sj\u00f8lvsagt det. Diagram der alder sett i samanheng med vekt og kj\u00f8nn er sv\u00e6rt interessante.<\/p>\n\n\n\n<p><\/p>\n\n\n\n<figure class=\"wp-block-image size-full\"><img loading=\"lazy\" decoding=\"async\" width=\"289\" height=\"238\" src=\"https:\/\/www.utmarksressurs.no\/wp-content\/uploads\/2022\/06\/image.png\" alt=\"\" class=\"wp-image-728\"\/><\/figure>\n","protected":false},"excerpt":{"rendered":"<p>Metode.Vi brukar tannsnitting som metode for fastsetting av alder. Dette er ein enkel metode, som er noko tidkrevjande men med erfaring sv\u00e6rt n\u00f8yaktig. Framtennene i underkjeven trekkast ut heile. Det er rota som blir nytta, s\u00e5 det er viktig at tanna er heil. Alderen&#8230;<\/p>\n","protected":false},"author":10,"featured_media":0,"parent":0,"menu_order":0,"comment_status":"closed","ping_status":"closed","template":"","meta":{"footnotes":""},"class_list":["post-776","page","type-page","status-publish","hentry"],"_links":{"self":[{"href":"https:\/\/www.utmarksressurs.no\/index.php?rest_route=\/wp\/v2\/pages\/776","targetHints":{"allow":["GET"]}}],"collection":[{"href":"https:\/\/www.utmarksressurs.no\/index.php?rest_route=\/wp\/v2\/pages"}],"about":[{"href":"https:\/\/www.utmarksressurs.no\/index.php?rest_route=\/wp\/v2\/types\/page"}],"author":[{"embeddable":true,"href":"https:\/\/www.utmarksressurs.no\/index.php?rest_route=\/wp\/v2\/users\/10"}],"replies":[{"embeddable":true,"href":"https:\/\/www.utmarksressurs.no\/index.php?rest_route=%2Fwp%2Fv2%2Fcomments&post=776"}],"version-history":[{"count":3,"href":"https:\/\/www.utmarksressurs.no\/index.php?rest_route=\/wp\/v2\/pages\/776\/revisions"}],"predecessor-version":[{"id":882,"href":"https:\/\/www.utmarksressurs.no\/index.php?rest_route=\/wp\/v2\/pages\/776\/revisions\/882"}],"wp:attachment":[{"href":"https:\/\/www.utmarksressurs.no\/index.php?rest_route=%2Fwp%2Fv2%2Fmedia&parent=776"}],"curies":[{"name":"wp","href":"https:\/\/api.w.org\/{rel}","templated":true}]}}