{"id":654,"date":"2021-03-16T12:56:05","date_gmt":"2021-03-16T11:56:05","guid":{"rendered":"https:\/\/www.utmarksressurs.no\/?page_id=654"},"modified":"2024-09-11T09:09:15","modified_gmt":"2024-09-11T08:09:15","slug":"stiarbeidar","status":"publish","type":"page","link":"https:\/\/www.utmarksressurs.no\/?page_id=654","title":{"rendered":"Stiarbeid"},"content":{"rendered":"\n<p>Alle stadar i verda der mennesket har ferdast, har det til alle tider blitt stiar og vegar. Behov, bruk og bredde er endra med tida, men stiane har alltid vore viktig. Ein sti er dynamisk. Den vil endrast med meir eller mindre bruk og klimatiske forhold.<\/p>\n\n\n\n<p>Bruken av stiar og naturen i sin heilskap er endra fr\u00e5 nytteform\u00e5l til i hovudsak dreie seg om rekreasjonsform\u00e5l. Det ser vi godt p\u00e5 alle lokale stiar som synleg har f\u00e5tt st\u00f8rre ferdsel. Ferdselen har auka betrakteleg ogs\u00e5 i tilknyting til kjende turm\u00e5l, b\u00e5de fr\u00e5 norske og utanlandske turistar. Og det er jo gledeleg. Men kan ogs\u00e5 ha ei anna side.<\/p>\n\n\n\n<p>Det er ikkje sikkert stien har forutsetningar for \u00e5 handtere ferdselen utan at det f\u00e5r konsekvensar for f, eks. naturverdiane i omr\u00e5det.<\/p>\n\n\n\n<p><strong>S\u00e5 kva skal en gjera?<\/strong><\/p>\n\n\n\n<p>Normalt ynskjer ein \u00e5 utbetre eller restaurere ein sti utan at det fremst\u00e5r som eit framandelement i landskapet. Samtidig ivareta naturverdiane og handtere slitasjen grunna den auka ferdsel. D\u00e5 er det mange omsyn \u00e5 ta. For \u00e5 oppn\u00e5 \u00f8nska effekt, vil det v\u00e6re behov for kunnskap om blant annet bruken, vegetasjon, toleevne og anleggsteknikk.<\/p>\n\n\n\n<p><strong>S\u00e5 kvar begynner vi?<\/strong><\/p>\n\n\n\n<p>Vi vil sterkt anbefale \u00e5 starte med ein kartlegging og behovsvurdering. Slik kan en treffe godt med tiltaket og unng\u00e5 un\u00f8dig dyre l\u00f8ysningar. Ein trenger ikkje finne opp hjulet p\u00e5 nytt. Vi har erfaring med stiarbeid fr\u00e5 sj\u00f8 til h\u00f8gfjell, vi vil kunne hjelpe dykk.<\/p>\n\n\n\n<p><\/p>\n\n\n\n<p class=\"has-text-align-center\"><strong>Ta kontakt<\/strong><\/p>\n\n\n\n<p><\/p>\n","protected":false},"excerpt":{"rendered":"<p>Alle stadar i verda der mennesket har ferdast, har det til alle tider blitt stiar og vegar. Behov, bruk og bredde er endra med tida, men stiane har alltid vore viktig. Ein sti er dynamisk. Den vil endrast med meir eller mindre bruk og&#8230;<\/p>\n","protected":false},"author":10,"featured_media":0,"parent":0,"menu_order":0,"comment_status":"closed","ping_status":"closed","template":"","meta":{"footnotes":""},"class_list":["post-654","page","type-page","status-publish","hentry"],"_links":{"self":[{"href":"https:\/\/www.utmarksressurs.no\/index.php?rest_route=\/wp\/v2\/pages\/654","targetHints":{"allow":["GET"]}}],"collection":[{"href":"https:\/\/www.utmarksressurs.no\/index.php?rest_route=\/wp\/v2\/pages"}],"about":[{"href":"https:\/\/www.utmarksressurs.no\/index.php?rest_route=\/wp\/v2\/types\/page"}],"author":[{"embeddable":true,"href":"https:\/\/www.utmarksressurs.no\/index.php?rest_route=\/wp\/v2\/users\/10"}],"replies":[{"embeddable":true,"href":"https:\/\/www.utmarksressurs.no\/index.php?rest_route=%2Fwp%2Fv2%2Fcomments&post=654"}],"version-history":[{"count":8,"href":"https:\/\/www.utmarksressurs.no\/index.php?rest_route=\/wp\/v2\/pages\/654\/revisions"}],"predecessor-version":[{"id":876,"href":"https:\/\/www.utmarksressurs.no\/index.php?rest_route=\/wp\/v2\/pages\/654\/revisions\/876"}],"wp:attachment":[{"href":"https:\/\/www.utmarksressurs.no\/index.php?rest_route=%2Fwp%2Fv2%2Fmedia&parent=654"}],"curies":[{"name":"wp","href":"https:\/\/api.w.org\/{rel}","templated":true}]}}