{"id":100,"date":"2019-04-04T19:41:23","date_gmt":"2019-04-04T19:41:23","guid":{"rendered":"http:\/\/tmp.utmarksressurs.no\/?page_id=100"},"modified":"2022-06-06T22:04:34","modified_gmt":"2022-06-06T21:04:34","slug":"services","status":"publish","type":"page","link":"https:\/\/www.utmarksressurs.no\/?page_id=100","title":{"rendered":"Tenester"},"content":{"rendered":"<ul>\n<li>Viltforvaltning\n<ul>\n<li style=\"list-style-type: none;\">\n<ul>\n<li>Aldersbestemming av hjortevilt. Vi har erfaring siden 2003 med aldersbestemming av hjortevilt ved tannsnitting. Kort fortalt g\u00e5r metoden ut p\u00e5 \u00e5 lese av alder som \u00e5rringer p\u00e5 et tre, etter en prosess hvor tannrota\u00a0 legges i syre, s\u00e5 snittes og deretter farges. De ferdige snittene legges p\u00e5 objektivglass, og alderen leses av i mikroskop. Resultatet presenteres i en kort rapport. V\u00e5re kunder er gjerne kommuner som bruker alder for \u00e5 overv\u00e5ke bestander av elg og hjort. Alder gir en s\u00e6rlig god status p\u00e5 rekruttering til ulike aldersklasser og produktivitet. Og vil kunne v\u00e6re en viktig del av kunnskapsgrunnlaget for b\u00e5de sentral og lokal forvaltning.<\/li>\n<\/ul>\n<\/li>\n<\/ul>\n<\/li>\n<li>Stirestaurering\n<ul>\n<li style=\"list-style-type: none;\">\n<ul>\n<li>Vi har opparbeidet oss god erfaring i restaurering av gamle stier. Prosjekter som gjerne skal ivareta b\u00e5de friluftsverdier, kulturverdier og natur\/- landskapsverdier. Vi er gjerne med helt fra idefasen, i for eksempel et forprosjekt eller mulighetsstudie. Men vi gj\u00f8r ogs\u00e5 rene prosjekteringer.<\/li>\n<\/ul>\n<\/li>\n<\/ul>\n<\/li>\n<li>Tilsyn av stiar<\/li>\n<li>S\u00e5rbarhetsvurdering<\/li>\n<li>Turskilt<\/li>\n<li>GIS-tenester<\/li>\n<li>Fiskeforvaltning<\/li>\n<li>Kartlegging av natur<\/li>\n<\/ul>\n\n\n<center><h4>Ta gjerne kontakt for ein prat om dykkar prosjekt<\/h4><\/center>\n\n\n<div class=\"wp-block-image\">\n<figure class=\"aligncenter\"><img loading=\"lazy\" decoding=\"async\" width=\"1024\" height=\"768\" src=\"http:\/\/www.utmarksressurs.no\/wp-content\/uploads\/2019\/04\/Side-2-nede-1024x768.jpg\" alt=\"\" class=\"wp-image-302\" srcset=\"https:\/\/www.utmarksressurs.no\/wp-content\/uploads\/2019\/04\/Side-2-nede.jpg 1024w, https:\/\/www.utmarksressurs.no\/wp-content\/uploads\/2019\/04\/Side-2-nede-300x225.jpg 300w, https:\/\/www.utmarksressurs.no\/wp-content\/uploads\/2019\/04\/Side-2-nede-768x576.jpg 768w, https:\/\/www.utmarksressurs.no\/wp-content\/uploads\/2019\/04\/Side-2-nede-640x480.jpg 640w\" sizes=\"auto, (max-width: 1024px) 100vw, 1024px\" \/><\/figure>\n<\/div>","protected":false},"excerpt":{"rendered":"<p>Viltforvaltning Aldersbestemming av hjortevilt. Vi har erfaring siden 2003 med aldersbestemming av hjortevilt ved tannsnitting. Kort fortalt g\u00e5r metoden ut p\u00e5 \u00e5 lese av alder som \u00e5rringer p\u00e5 et tre, etter en prosess hvor tannrota\u00a0 legges i syre, s\u00e5 snittes og deretter farges. De&#8230;<\/p>\n","protected":false},"author":5,"featured_media":0,"parent":0,"menu_order":0,"comment_status":"closed","ping_status":"closed","template":"template-full.php","meta":{"footnotes":""},"class_list":["post-100","page","type-page","status-publish","hentry"],"_links":{"self":[{"href":"https:\/\/www.utmarksressurs.no\/index.php?rest_route=\/wp\/v2\/pages\/100","targetHints":{"allow":["GET"]}}],"collection":[{"href":"https:\/\/www.utmarksressurs.no\/index.php?rest_route=\/wp\/v2\/pages"}],"about":[{"href":"https:\/\/www.utmarksressurs.no\/index.php?rest_route=\/wp\/v2\/types\/page"}],"author":[{"embeddable":true,"href":"https:\/\/www.utmarksressurs.no\/index.php?rest_route=\/wp\/v2\/users\/5"}],"replies":[{"embeddable":true,"href":"https:\/\/www.utmarksressurs.no\/index.php?rest_route=%2Fwp%2Fv2%2Fcomments&post=100"}],"version-history":[{"count":9,"href":"https:\/\/www.utmarksressurs.no\/index.php?rest_route=\/wp\/v2\/pages\/100\/revisions"}],"predecessor-version":[{"id":722,"href":"https:\/\/www.utmarksressurs.no\/index.php?rest_route=\/wp\/v2\/pages\/100\/revisions\/722"}],"wp:attachment":[{"href":"https:\/\/www.utmarksressurs.no\/index.php?rest_route=%2Fwp%2Fv2%2Fmedia&parent=100"}],"curies":[{"name":"wp","href":"https:\/\/api.w.org\/{rel}","templated":true}]}}